{"id":6,"date":"2019-09-21T18:32:06","date_gmt":"2019-09-21T16:32:06","guid":{"rendered":"http:\/\/ptak-transport.pl\/index.php\/mesmerize\/"},"modified":"2020-11-02T20:26:46","modified_gmt":"2020-11-02T19:26:46","slug":"mesmerize","status":"publish","type":"page","link":"https:\/\/ptak-transport.pl\/","title":{"rendered":"Front Page"},"content":{"rendered":"<div  id=\"overlappable-4\" style=\"background-color: #ffffff;\" data-label=\"Overlappable\" data-id=\"overlappable-4\" data-export-id=\"overlappable-4\" data-category=\"overlappable\" class=\"overlappable-4 content-section content-section-spacing\" data-overlap=\"true\"><div  class=\"gridContainer\"> <div  data-type=\"row\" class=\"row spaced-cols text-center\"><div  class=\"col-xs-12 col-sm-4 col-padding\">  <div  data-type=\"column\" class=\"\"> <img  class=\"custom-image\" src=\"https:\/\/ptak-transport.pl\/wp-content\/uploads\/2019\/09\/doswiadczenie-2.png\" alt=\"\" title=\"\"><h5  class=\"\">DO\u015aWIADCZENIE<\/h5> <\/div> <\/div> <div  class=\"col-xs-12 col-sm-4 col-padding\">  <div  data-type=\"column\" class=\"\"><img  class=\"custom-image\" src=\"https:\/\/ptak-transport.pl\/wp-content\/uploads\/2019\/09\/szybkosc-2.png\" alt=\"\" title=\"\"><h5  class=\"\">SZYBKO\u015a\u0106<\/h5> <\/div> <\/div> <div  class=\"col-xs-12 col-sm-4 col-padding\">  <div  data-type=\"column\" class=\"\"><img  class=\"custom-image\" src=\"https:\/\/ptak-transport.pl\/wp-content\/uploads\/2019\/09\/kompleksowa_obsluga-1.png\" alt=\"\" title=\"\"><h5  class=\"\">KOMPLEKSOWO\u015a\u0106<\/h5> <\/div> <\/div><\/div> <\/div><\/div><div  id=\"o-nas\" style=\"background-color: #f5fafd;\" data-label=\"O nas\" data-id=\"about-1\" data-export-id=\"about-1\" data-category=\"about\" class=\"about-1 content-section\"><div  class=\"gridContainer\"> <div  class=\"row text-center\"><div  class=\"section-title-col\" data-type=\"column\">  <h2  class=\"\">Poznaj nas bli\u017cej<\/h2> <h1  class=\"\">&nbsp;<\/h1><p  class=\"lead\"><b >Ptak Transport<\/b> to firma rodzinna za\u0142o\u017cona w 1993 roku. Od tego czasu nieprzerwanie \u015bwiadczymy us\u0142ugi transportowe <b >na rynku lokalnym oraz krajowym<\/b>. S\u0142yniemy z niezachwianej reputacji. Od lat obs\u0142ugujemy wielu sta\u0142ych klient\u00f3w.&nbsp; Przez lata naszej dzia\u0142alnosci wsparli\u015bmy niezliczon\u0105 ilo\u015b\u0107 <b >kluczowych inwestycji<\/b> w bran\u017cach takich jak infrastruktura drogowa, budowlana czy przemys\u0142 stoczniowy i wodny. Aktywnie uczestniczyli\u015bmy przy realizacji takich inwestycji jak: <b >polskie autostrady<\/b>, <b >stadiony na EURO 2012<\/b>, <b >stacje uzdatniania wody pitnej<\/b>,<br ><b >tunel pod Martw\u0105 Wis\u0142\u0105 w Gda\u0144sku<\/b>, niezliczon\u0105 ilo\u015b\u0107 okr\u0119t\u00f3w oraz wiele innych.<br ><br >Specjalizujemy si\u0119 w transporcie ci\u0119\u017ckim. \u015awiadczymy us\u0142ugi na naczepach niskopodwoziowych oraz platformach. Zapewniamy kompleksow\u0105 obs\u0142ug\u0119 pilota\u017cow\u0105, d\u017awigow\u0105 oraz dope\u0142niamy formalno\u015bci zwi\u0105zanych z zezwoleniami.&nbsp;<\/p><h1  class=\"\">&nbsp;<\/h1><\/div> <\/div> <div  class=\"row\"> <div  class=\"button-holder space-bottom space-bottom-small\" data-type=\"column\"> <\/div> <div  class=\"col-xs bottom-xs flexbox image-group-bottom-3-img space-bottom-xs center-xs\"> <img  class=\"left-img shadow-large-black\" data-size=\"500x300\" src=\"https:\/\/ptak-transport.pl\/wp-content\/uploads\/2019\/09\/img-20161026-160641.jpg\" alt=\"Ponadgabaryt\" title=\"Ponadgabaryt\"> <img  class=\"center-img shadow-large-black\" data-size=\"500x300\" src=\"https:\/\/ptak-transport.pl\/wp-content\/uploads\/2020\/03\/Ponadgabaryt.jpg\" alt=\"\" title=\"Ponadgabaryt\"> <img  class=\"right-img shadow-large-black\" data-size=\"500x300\" src=\"https:\/\/ptak-transport.pl\/wp-content\/uploads\/2019\/09\/img-20160809-121019.jpg\" alt=\"\" title=\"Ponadgabaryt\"><\/div> <\/div><\/div> <\/div><div  data-label=\"Nasze uslugi\" data-id=\"features--3\" data-export-id=\"features-16-card-bordered\" data-category=\"features\" class=\"features-16-card-bordered content-section content-section-spacing\" id=\"nasze-uslugi\" style=\"background-color: rgb(255, 255, 255);\"><div  class=\"gridContainer\"> <div  class=\"row text-center\"><div  class=\"section-title-col\" data-type=\"column\"> <h1  class=\"\">&nbsp;<\/h1><h2  class=\"\">Nasze us\u0142ugi<\/h2> <p  class=\"lead\">Dysponujemy dwoma rodzajami naczep, platformami oraz naczepami niskopodwoziowymi.<br ><br >Zajmujemy si\u0119 trzema podstawowymi rodzajami transport\u00f3w:<\/p><h1  class=\"\">&nbsp;<\/h1><\/div> <\/div> <div  class=\"row spaced-cols\" data-type=\"row\"> <div  class=\"col-xs-12 col-sm-6 col-md-4\"> <div  class=\"card no-padding bordered y-move\"> <img  class=\"face\" src=\"https:\/\/ptak-transport.pl\/wp-content\/uploads\/2019\/09\/cropped-IMG_20161021_135551_skalowacz_pl-3.jpg\" alt=\"\" title=\"cropped-IMG_20161021_135551_skalowacz_pl-3.jpg\"> <div  data-type=\"column\" class=\"col-padding-small col-padding-small-xs description-container\"> <h4  class=\"font-500\">Transport normatywny<\/h4> <p  class=\"\">Jest to rodzaj transportu zgodny z dopuszczalnymi wymiarami i wag\u0105, np. szalunki, blachy stalowe, elementy stalowe, \u017curawie, prefabrykaty, przeciwwagi.\n\n\n<br >&nbsp;<\/p><\/div> <div  data-type=\"column\" class=\"col-padding-small col-padding-small-xs read-more-container\"><\/div> <\/div><\/div>  <div  class=\"col-xs-12 col-sm-6 col-md-4\"><div  class=\"card no-padding bordered y-move\"> <img  class=\"face\" src=\"https:\/\/ptak-transport.pl\/wp-content\/uploads\/2019\/09\/cropped-20180317_145710_skalowacz_pl-2.jpg\" alt=\"\" title=\"cropped-20180317_145710_skalowacz_pl-2.jpg\"> <div  data-type=\"column\" class=\"col-padding-small col-padding-small-xs description-container\"> <h4  class=\"font-500\">Transport ponadgabarytowy<\/h4> <p  class=\"\">Ponadgabarytowy \u0142adunek przekracza dopuszczalne wymiary i opcjonalnie wag\u0119. Pomogli\u015bmy naszym kontrahentom przewie\u017a\u0107 m.in. zbiorniki, maszyny budowlane, d\u017awigi, jachty, \u0142odzie, elementy kontsrukcyjne.&nbsp;<\/p><\/div> <div  data-type=\"column\" class=\"col-padding-small col-padding-small-xs read-more-container\"><\/div> <\/div><\/div> <div  class=\"col-xs-12 col-sm-6 col-md-4\"> <div  class=\"card no-padding bordered y-move\"> <img  class=\"face\" src=\"https:\/\/ptak-transport.pl\/wp-content\/uploads\/2020\/11\/cropped-Zdjecie0716r_skalowacz_pl.jpg\" alt=\"\" title=\"cropped-Zdjecie0716r_skalowacz_pl.jpg\"> <div  data-type=\"column\" class=\"col-padding-small col-padding-small-xs description-container\"> <h4  class=\"font-500\">Transport ci\u0119\u017cki<\/h4> <p  class=\"\">\u0141adunek, kt\u00f3rego waga wymaga uzyskania zgody na transport oraz specjalistycznego sprz\u0119tu. Przyk\u0142ady naszych realizacji to przew\u00f3z d\u017awig\u00f3w samobie\u017cnych, czo\u0142g\u00f3w, maszyn budowlanych.\n<\/p><\/div> <div  data-type=\"column\" class=\"col-padding-small col-padding-small-xs read-more-container\"><\/div> <\/div><\/div><\/div><\/div> <\/div><div  data-label=\"Cta\" data-id=\"cta--1\" data-export-id=\"cta-blue-section\" data-category=\"cta\" class=\"cta-blue-section content-section content-section-spacing-medium bg-color1 white-text\" id=\"cta-1\"><div  class=\"gridContainer\"> <div  class=\"row middle-xs\"><div  class=\"col-sm-8 space-bottom-xs\" data-type=\"column\"> <h2  class=\"\">Potrzebujesz wyceny? <span  style=\"font-weight: normal;\">Zadzwo\u0144!<\/span><\/h2> <\/div> <div  class=\"col-sm-4 end-sm\" data-type=\"column\"> <a class=\"button color2\" href=\"#kontakt\" target=\"_self\" data-cp-link=\"1\" rel=\"noopener noreferrer\">KONTAKT<\/a><\/div> <\/div><\/div> <\/div><div  data-label=\"Uslugi dodatkowe\" data-id=\"features--2\" data-export-id=\"features-16\" data-category=\"features\" class=\"features-16 content-section content-section-spacing\" id=\"uslugi-dodatkowe\" style=\"background-color: rgb(255, 255, 255);\"><div  class=\"gridContainer\"> <div  class=\"row text-center\"><div  class=\"section-title-col\" data-type=\"column\"> <h1  class=\"\">&nbsp;<\/h1><h2  class=\"\">Uslugi dodatkowe<\/h2> <p  class=\"lead\">Ka\u017cdy transport niesie za soba potrzeb\u0119 us\u0142ug komplementarnych. Wieloletnie do\u015bwiadczenie oraz obecno\u015b\u0107 na rynku sprawi\u0142y, \u017ce jeste\u015bmy w stanie zaproponowa\u0107 naszym klientom r\u00f3wnie\u017c dodatkowe rozwi\u0105zania takie jak:<\/p><h1  class=\"\">&nbsp;<\/h1><\/div> <\/div> <div  class=\"row spaced-cols\" data-type=\"row\"> <div  class=\"col-xs-12 col-sm-6 col-md-4 space-bottom\"> <img  class=\"face\" src=\"https:\/\/ptak-transport.pl\/wp-content\/uploads\/2019\/09\/cropped-hook-1943675.jpg\" alt=\"\" title=\"cropped-hook-1943675.jpg\"> <div  data-type=\"column\" class=\"col-padding-small col-padding-small-xs description-container\"> <h4  class=\"font-500\">Us\u0142ugi d\u017awigowe<\/h4> <p  class=\"\">Ka\u017cdy transport wymaga za\u0142adunku i roz\u0142adunku. Je\u015bli potrzebujesz w tym celu specjalistycznego sprz\u0119tu, ch\u0119tnie zajmiemy si\u0119 tym.<\/p> <\/div> <\/div> <div  class=\"col-xs-12 col-sm-6 col-md-4 space-bottom\"> <img  class=\"face\" src=\"https:\/\/ptak-transport.pl\/wp-content\/uploads\/2019\/09\/cropped-police-4274485_1920.jpg\" alt=\"\" title=\"cropped-police-4274485_1920.jpg\"> <div  data-type=\"column\" class=\"col-padding-small col-padding-small-xs description-container\"> <h4  class=\"font-500\">Pilota\u017c<\/h4> <p  class=\"\">Transport ponadnormatywny wi\u0105\u017ce si\u0119 z obowi\u0105zkiem pilota\u017cu oraz cz\u0119sto demonta\u017cu infrastruktury. Znamy si\u0119 na tym.<\/p> <\/div> <\/div> <div  class=\"col-xs-12 col-sm-6 col-md-4 space-bottom\"> <img  class=\"face\" src=\"https:\/\/ptak-transport.pl\/wp-content\/uploads\/2019\/09\/cropped-traffic-lights-4396736_1920.jpg\" alt=\"\" title=\"cropped-traffic-lights-4396736_1920.jpg\"> <div  data-type=\"column\" class=\"col-padding-small col-padding-small-xs description-container\"> <h4  class=\"font-500\">Zezwolenia i formalno\u015bci<\/h4> <p  class=\"\">Opracowujemy niezb\u0119dn\u0105 dokumentacj\u0119 i pozyskujemy zgody na transport Twojego zlecenia.<\/p> <\/div> <\/div><\/div> <\/div><\/div><div  data-label=\"W liczbach\" data-id=\"counters--1\" data-export-id=\"counters-2\" data-category=\"counters\" class=\"counters-2 content-section content-section-spacing\" id=\"w-liczbach\" style=\"background-color: rgb(255, 255, 255);\"><div  class=\"gridContainer\"> <div  class=\"row text-center\"><div  class=\"section-title-col\" data-type=\"column\"> <h2  class=\"\">Ptak Transport w liczbach<\/h2> <p  class=\"lead\">Dlaczego warto skorzysta\u0107 z naszych us\u0142ug?<br >Liczby m\u00f3wi\u0105 same za siebie!<\/p><\/div> <\/div> <div  class=\"row\" data-type=\"row\"> <div  class=\"col-xs-12 col-sm-4 text-center space-bottom\"> <i  class=\"fa icon color1 fa-handshake-o\"><\/i> <h3  class=\"font-400\" data-min=\"0\" data-max=\"200\" data-duration=\"2000\" data-prefix=\"\" data-suffix=\"+\" data-countup=\"true\" style=\"display: inline-block;\"><\/h3> <h5  class=\"upper color2\">Zlece\u0144 rocznie<\/h5><p  class=\"\">Niezale\u017cnie od warunk\u00f3w pogodowych, pory roku czy godziny, stawiamy czo\u0142a wyzwaniom jakie niesie za sob\u0105 transport ci\u0119\u017cki.<\/p><\/div> <div  class=\"col-xs-12 col-sm-4 text-center space-bottom\"><i  class=\"fa fa-smile-o icon color1\"><\/i> <h3  class=\"font-400\" data-min=\"0\" data-max=\"20\" data-duration=\"2000\" data-prefix=\"\" data-suffix=\"+\" data-countup=\"true\" style=\"display: inline-block;\"><\/h3> <h5  class=\"upper color2\">sta\u0142ych kontrahent\u00f3w<\/h5><p  class=\"\">Cenieni za niezawodno\u015b\u0107 oraz kompleksowe us\u0142ugi zostali\u015bmy docenieni przez naszych zleceniodawc\u00f3w.\n<\/p><\/div> <div  class=\"col-xs-12 col-sm-4 text-center space-bottom\"><i  class=\"fa icon color1 fa-globe\"><\/i> <h3  class=\"font-400\" data-min=\"0\" data-max=\"8\" data-duration=\"2000\" data-prefix=\"\" data-suffix=\"+\" data-countup=\"true\" style=\"display: inline-block;\"><\/h3> <h5  class=\"upper color2\">okr\u0105\u017ce\u0144 wok\u00f3\u0142 ziemi<\/h5><p  class=\"\">Nasze auta bez ustanku pokonuja ogromne ilo\u015bci kilometr\u00f3w. Aby uzmys\u0142owi\u0107 sobie jak du\u017ce s\u0105 to odleg\u0142o\u015bci przeliczyli\u015bmy kilometry na okr\u0105\u017cenia.<\/p><\/div> <\/div><\/div> <\/div><div  data-label=\"Kontakt\" data-id=\"features--1\" data-export-id=\"features-13-card-bordered\" data-category=\"features\" class=\"features-13 content-section content-section-spacing\" id=\"kontakt\" style=\"background-color: rgb(245, 250, 253);\"><div  class=\"gridContainer\"> <div  class=\"row text-center\"><div  class=\"section-title-col\" data-type=\"column\"> <h2  class=\"\">Kontakt<\/h2> <h1  class=\"\">&nbsp;<\/h1><\/div> <\/div> <div  class=\"row spaced-cols content-center-sm\" data-type=\"row\"> <div  class=\"col-sm-4 col-md-6 \"> <div  class=\"card bordered y-move\" data-type=\"column\"> <i  class=\"fa icon color1 fa-bank reverse round big\"><\/i> <h4  class=\"\">Siedziba firmy<\/h4> <p  class=\"\">Ul. D\u0142ugie Ogrody 11 h\/1\n<br >80-754 Gda\u0144sk\n<br >NIP: 583 021 01 89\n<br >REGON:&nbsp;190687021<\/p> <\/div> <\/div>  <div  class=\"col-sm-4 col-md-6 \"> <div  class=\"card bordered y-move\" data-type=\"column\"> <i  class=\"fa icon color1 fa-address-book reverse round big\"><\/i> <h4  class=\"\">Dane kontaktowe<\/h4> <p  class=\"\">W\u0142a\u015bciciel: <br >Tadeusz Ptak\n<br ><b >+48 602 487 196<\/b><br ><b >info@ptak-transport.pl\n<\/b><\/p> <\/div> <\/div><\/div> <\/div><\/div>","protected":false},"excerpt":{"rendered":"<p>DO\u015aWIADCZENIE SZYBKO\u015a\u0106 KOMPLEKSOWO\u015a\u0106 Poznaj nas bli\u017cej &nbsp;Ptak Transport to firma rodzinna za\u0142o\u017cona w 1993 roku. Od tego czasu nieprzerwanie \u015bwiadczymy us\u0142ugi transportowe na rynku lokalnym oraz krajowym. S\u0142yniemy z niezachwianej reputacji. Od lat obs\u0142ugujemy wielu sta\u0142ych klient\u00f3w.&nbsp; Przez lata naszej dzia\u0142alnosci wsparli\u015bmy niezliczon\u0105 ilo\u015b\u0107 kluczowych inwestycji w bran\u017cach takich jak infrastruktura drogowa, budowlana czy przemys\u0142&hellip; <br \/> <a class=\"read-more\" href=\"https:\/\/ptak-transport.pl\/\">Przeczytaj wi\u0119cej<\/a><\/p>\n","protected":false},"author":1,"featured_media":0,"parent":0,"menu_order":0,"comment_status":"closed","ping_status":"closed","template":"page-templates\/homepage.php","meta":[],"_links":{"self":[{"href":"https:\/\/ptak-transport.pl\/index.php\/wp-json\/wp\/v2\/pages\/6"}],"collection":[{"href":"https:\/\/ptak-transport.pl\/index.php\/wp-json\/wp\/v2\/pages"}],"about":[{"href":"https:\/\/ptak-transport.pl\/index.php\/wp-json\/wp\/v2\/types\/page"}],"author":[{"embeddable":true,"href":"https:\/\/ptak-transport.pl\/index.php\/wp-json\/wp\/v2\/users\/1"}],"replies":[{"embeddable":true,"href":"https:\/\/ptak-transport.pl\/index.php\/wp-json\/wp\/v2\/comments?post=6"}],"version-history":[{"count":32,"href":"https:\/\/ptak-transport.pl\/index.php\/wp-json\/wp\/v2\/pages\/6\/revisions"}],"predecessor-version":[{"id":131,"href":"https:\/\/ptak-transport.pl\/index.php\/wp-json\/wp\/v2\/pages\/6\/revisions\/131"}],"wp:attachment":[{"href":"https:\/\/ptak-transport.pl\/index.php\/wp-json\/wp\/v2\/media?parent=6"}],"curies":[{"name":"wp","href":"https:\/\/api.w.org\/{rel}","templated":true}]}}